{"id":9704,"date":"2022-07-11T18:27:36","date_gmt":"2022-07-11T18:27:36","guid":{"rendered":"https:\/\/staging.mecanicasolutions.com\/staging\/markforged-redirection\/"},"modified":"2024-06-21T16:41:50","modified_gmt":"2024-06-21T16:41:50","slug":"markforged-redirection","status":"publish","type":"page","link":"https:\/\/mecanicasolutions.com\/fr\/markforged-redirection\/","title":{"rendered":"Markforged Redirection"},"content":{"rendered":"<p>[vc_row full_width=&#8221;stretch_row_content_no_spaces&#8221; el_class=&#8221;thank-you-block&#8221;][vc_column][vc_row_inner el_class=&#8221;container container-center&#8221;][vc_column_inner][vc_column_text el_class=&#8221;title&#8221;]Il semble que vous ayez besoin de plus d&#8217;informations sur l&#8217;impression 3D. Nous allons vous rediriger vers notre soci\u00e9t\u00e9 s\u0153ur, SolidXperts. Avec une gamme compl\u00e8te d&#8217;imprimantes 3D et la Xpertise n\u00e9cessaire pour vous accompagner dans votre d\u00e9marche de fabrication additive, vous serez entre de bonnes mains.[\/vc_column_text][vc_column_text el_class=&#8221;details&#8221;]Il semble que vous ayez besoin de plus d&#8217;informations sur l&#8217;impression 3D. Nous allons vous rediriger vers notre soci\u00e9t\u00e9 s\u0153ur, SolidXperts. Avec une gamme compl\u00e8te d&#8217;imprimantes 3D et la Xpertise n\u00e9cessaire pour vous accompagner dans votre d\u00e9marche de fabrication additive, vous serez entre de bonnes mains.[\/vc_column_text][vc_btn title=&#8221;Cliquez ici pour rediriger&#8221; color=&#8221;danger&#8221; align=&#8221;center&#8221; link=&#8221;url:https%3A%2F%2Fwww.solidxperts.com%2Ffr%2F3d-printing-solutions%2F%3Ffilters%3Dbrand%5B88%5D&#8221;][\/vc_column_inner][\/vc_row_inner][\/vc_column][\/vc_row]<\/p>\n","protected":false},"excerpt":{"rendered":"<p>[vc_row full_width=&#8221;stretch_row_content_no_spaces&#8221; el_class=&#8221;thank-you-block&#8221;][vc_column][vc_row_inner el_class=&#8221;container container-center&#8221;][vc_column_inner][vc_column_text el_class=&#8221;title&#8221;]Il semble que vous ayez besoin de plus d&#8217;informations sur l&#8217;impression 3D. Nous allons vous rediriger vers notre soci\u00e9t\u00e9 s\u0153ur, SolidXperts. Avec une gamme compl\u00e8te d&#8217;imprimantes 3D et la Xpertise n\u00e9cessaire pour vous accompagner dans votre d\u00e9marche de fabrication additive, vous serez entre de bonnes mains.[\/vc_column_text][vc_column_text el_class=&#8221;details&#8221;]Il semble que vous [&hellip;]<\/p>\n","protected":false},"author":9,"featured_media":0,"parent":0,"menu_order":0,"comment_status":"closed","ping_status":"closed","template":"template-parts\/temp-thank-you-training.php","meta":{"footnotes":""},"class_list":["post-9704","page","type-page","status-publish","hentry"],"yoast_head":"<!-- This site is optimized with the Yoast SEO plugin v22.6 - https:\/\/yoast.com\/wordpress\/plugins\/seo\/ -->\n<title>Markforged - Mecanica Solutions<\/title>\n<meta name=\"description\" content=\"Markforged est une imprimante 3D grand format compatible avec le filament ULTEM \u2122 pour les pi\u00e8ces volumineuses.\" \/>\n<meta name=\"robots\" content=\"noindex, nofollow\" \/>\n<meta property=\"og:locale\" content=\"fr_FR\" \/>\n<meta property=\"og:type\" content=\"article\" \/>\n<meta property=\"og:title\" content=\"Markforged - Mecanica Solutions\" \/>\n<meta property=\"og:description\" content=\"Markforged est une imprimante 3D grand format compatible avec le filament ULTEM \u2122 pour les pi\u00e8ces volumineuses.\" \/>\n<meta property=\"og:url\" content=\"https:\/\/mecanicasolutions.com\/fr\/markforged-redirection\/\" \/>\n<meta property=\"og:site_name\" content=\"MECANICA SOLUTIONS | World Premier Supplier of Dassault\" \/>\n<meta property=\"article:modified_time\" content=\"2024-06-21T16:41:50+00:00\" \/>\n<meta name=\"twitter:card\" content=\"summary_large_image\" \/>\n<meta name=\"twitter:label1\" content=\"Dur\u00e9e de lecture estim\u00e9e\" \/>\n\t<meta name=\"twitter:data1\" content=\"1 minute\" \/>\n<script type=\"application\/ld+json\" class=\"yoast-schema-graph\">{\"@context\":\"https:\/\/schema.org\",\"@graph\":[{\"@type\":\"WebPage\",\"@id\":\"https:\/\/mecanicasolutions.com\/fr\/markforged-redirection\/\",\"url\":\"https:\/\/mecanicasolutions.com\/fr\/markforged-redirection\/\",\"name\":\"Markforged - Mecanica Solutions\",\"isPartOf\":{\"@id\":\"https:\/\/mecanicasolutions.com\/en\/#website\"},\"datePublished\":\"2022-07-11T18:27:36+00:00\",\"dateModified\":\"2024-06-21T16:41:50+00:00\",\"description\":\"Markforged est une imprimante 3D grand format compatible avec le filament ULTEM \u2122 pour les pi\u00e8ces volumineuses.\",\"breadcrumb\":{\"@id\":\"https:\/\/mecanicasolutions.com\/fr\/markforged-redirection\/#breadcrumb\"},\"inLanguage\":\"fr-FR\",\"potentialAction\":[{\"@type\":\"ReadAction\",\"target\":[\"https:\/\/mecanicasolutions.com\/fr\/markforged-redirection\/\"]}]},{\"@type\":\"BreadcrumbList\",\"@id\":\"https:\/\/mecanicasolutions.com\/fr\/markforged-redirection\/#breadcrumb\",\"itemListElement\":[{\"@type\":\"ListItem\",\"position\":1,\"name\":\"Home\",\"item\":\"https:\/\/mecanicasolutions.com\/fr\/home-2\/\"},{\"@type\":\"ListItem\",\"position\":2,\"name\":\"Markforged Redirection\"}]},{\"@type\":\"WebSite\",\"@id\":\"https:\/\/mecanicasolutions.com\/en\/#website\",\"url\":\"https:\/\/mecanicasolutions.com\/en\/\",\"name\":\"MECANICA SOLUTIONS | World Premier Supplier of Dassault\",\"description\":\"Mecanica Solutions has been providing engineering services to the aerospace, automotive and AEC industries since 1982\",\"publisher\":{\"@id\":\"https:\/\/mecanicasolutions.com\/en\/#organization\"},\"potentialAction\":[{\"@type\":\"SearchAction\",\"target\":{\"@type\":\"EntryPoint\",\"urlTemplate\":\"https:\/\/mecanicasolutions.com\/en\/?s={search_term_string}\"},\"query-input\":\"required name=search_term_string\"}],\"inLanguage\":\"fr-FR\"},{\"@type\":\"Organization\",\"@id\":\"https:\/\/mecanicasolutions.com\/en\/#organization\",\"name\":\"MECANICA SOLUTIONS\",\"url\":\"https:\/\/mecanicasolutions.com\/en\/\",\"logo\":{\"@type\":\"ImageObject\",\"inLanguage\":\"fr-FR\",\"@id\":\"https:\/\/mecanicasolutions.com\/en\/#\/schema\/logo\/image\/\",\"url\":\"https:\/\/mecanicasolutions.com\/wp-content\/uploads\/2021\/09\/logo_solidxperts.svg\",\"contentUrl\":\"https:\/\/mecanicasolutions.com\/wp-content\/uploads\/2021\/09\/logo_solidxperts.svg\",\"caption\":\"MECANICA SOLUTIONS\"},\"image\":{\"@id\":\"https:\/\/mecanicasolutions.com\/en\/#\/schema\/logo\/image\/\"}}]}<\/script>\n<!-- \/ Yoast SEO plugin. -->","yoast_head_json":{"title":"Markforged - Mecanica Solutions","description":"Markforged est une imprimante 3D grand format compatible avec le filament ULTEM \u2122 pour les pi\u00e8ces volumineuses.","robots":{"index":"noindex","follow":"nofollow"},"og_locale":"fr_FR","og_type":"article","og_title":"Markforged - Mecanica Solutions","og_description":"Markforged est une imprimante 3D grand format compatible avec le filament ULTEM \u2122 pour les pi\u00e8ces volumineuses.","og_url":"https:\/\/mecanicasolutions.com\/fr\/markforged-redirection\/","og_site_name":"MECANICA SOLUTIONS | World Premier Supplier of Dassault","article_modified_time":"2024-06-21T16:41:50+00:00","twitter_card":"summary_large_image","twitter_misc":{"Dur\u00e9e de lecture estim\u00e9e":"1 minute"},"schema":{"@context":"https:\/\/schema.org","@graph":[{"@type":"WebPage","@id":"https:\/\/mecanicasolutions.com\/fr\/markforged-redirection\/","url":"https:\/\/mecanicasolutions.com\/fr\/markforged-redirection\/","name":"Markforged - Mecanica Solutions","isPartOf":{"@id":"https:\/\/mecanicasolutions.com\/en\/#website"},"datePublished":"2022-07-11T18:27:36+00:00","dateModified":"2024-06-21T16:41:50+00:00","description":"Markforged est une imprimante 3D grand format compatible avec le filament ULTEM \u2122 pour les pi\u00e8ces volumineuses.","breadcrumb":{"@id":"https:\/\/mecanicasolutions.com\/fr\/markforged-redirection\/#breadcrumb"},"inLanguage":"fr-FR","potentialAction":[{"@type":"ReadAction","target":["https:\/\/mecanicasolutions.com\/fr\/markforged-redirection\/"]}]},{"@type":"BreadcrumbList","@id":"https:\/\/mecanicasolutions.com\/fr\/markforged-redirection\/#breadcrumb","itemListElement":[{"@type":"ListItem","position":1,"name":"Home","item":"https:\/\/mecanicasolutions.com\/fr\/home-2\/"},{"@type":"ListItem","position":2,"name":"Markforged Redirection"}]},{"@type":"WebSite","@id":"https:\/\/mecanicasolutions.com\/en\/#website","url":"https:\/\/mecanicasolutions.com\/en\/","name":"MECANICA SOLUTIONS | World Premier Supplier of Dassault","description":"Mecanica Solutions has been providing engineering services to the aerospace, automotive and AEC industries since 1982","publisher":{"@id":"https:\/\/mecanicasolutions.com\/en\/#organization"},"potentialAction":[{"@type":"SearchAction","target":{"@type":"EntryPoint","urlTemplate":"https:\/\/mecanicasolutions.com\/en\/?s={search_term_string}"},"query-input":"required name=search_term_string"}],"inLanguage":"fr-FR"},{"@type":"Organization","@id":"https:\/\/mecanicasolutions.com\/en\/#organization","name":"MECANICA SOLUTIONS","url":"https:\/\/mecanicasolutions.com\/en\/","logo":{"@type":"ImageObject","inLanguage":"fr-FR","@id":"https:\/\/mecanicasolutions.com\/en\/#\/schema\/logo\/image\/","url":"https:\/\/mecanicasolutions.com\/wp-content\/uploads\/2021\/09\/logo_solidxperts.svg","contentUrl":"https:\/\/mecanicasolutions.com\/wp-content\/uploads\/2021\/09\/logo_solidxperts.svg","caption":"MECANICA SOLUTIONS"},"image":{"@id":"https:\/\/mecanicasolutions.com\/en\/#\/schema\/logo\/image\/"}}]}},"_links":{"self":[{"href":"https:\/\/mecanicasolutions.com\/fr\/wp-json\/wp\/v2\/pages\/9704","targetHints":{"allow":["GET"]}}],"collection":[{"href":"https:\/\/mecanicasolutions.com\/fr\/wp-json\/wp\/v2\/pages"}],"about":[{"href":"https:\/\/mecanicasolutions.com\/fr\/wp-json\/wp\/v2\/types\/page"}],"author":[{"embeddable":true,"href":"https:\/\/mecanicasolutions.com\/fr\/wp-json\/wp\/v2\/users\/9"}],"replies":[{"embeddable":true,"href":"https:\/\/mecanicasolutions.com\/fr\/wp-json\/wp\/v2\/comments?post=9704"}],"version-history":[{"count":2,"href":"https:\/\/mecanicasolutions.com\/fr\/wp-json\/wp\/v2\/pages\/9704\/revisions"}],"predecessor-version":[{"id":11371,"href":"https:\/\/mecanicasolutions.com\/fr\/wp-json\/wp\/v2\/pages\/9704\/revisions\/11371"}],"wp:attachment":[{"href":"https:\/\/mecanicasolutions.com\/fr\/wp-json\/wp\/v2\/media?parent=9704"}],"curies":[{"name":"wp","href":"https:\/\/api.w.org\/{rel}","templated":true}]}}