{"id":261862,"date":"2024-05-28T14:43:55","date_gmt":"2024-05-28T14:43:55","guid":{"rendered":"https:\/\/mecanicasolutions.com\/sxp-behind-the-scenes\/"},"modified":"2026-03-19T15:41:19","modified_gmt":"2026-03-19T15:41:19","slug":"webinaire-catia-v5-vers-le-cloud","status":"publish","type":"page","link":"https:\/\/mecanicasolutions.com\/fr\/webinaire-catia-v5-vers-le-cloud\/","title":{"rendered":"Webinaire CATIA V5 vers le cloud"},"content":{"rendered":"<p>[vc_row full_width=&#8221;stretch_row_content_no_spaces&#8221; el_class=&#8221;services-list-2&#8243;][vc_column][vc_row_inner el_class=&#8221;container container-center&#8221;][vc_column_inner el_class=&#8221;left&#8221;][vc_raw_html]JTNDZGl2JTIwc3R5bGUlM0QlMjJ3aWR0aCUzQTEwMCUyNSUzQmhlaWdodCUzQTBweCUzQnBvc2l0aW9uJTNBcmVsYXRpdmUlM0JwYWRkaW5nLWJvdHRvbSUzQTU2LjI1JTI1JTNCJTIyJTNFJTNDaWZyYW1lJTIwc3JjJTNEJTIyaHR0cHMlM0ElMkYlMkZzdHJlYW15YXJkLmNvbSUyRndhdGNoJTJGdlNZdlpGR21pS1VxJTNGZW1iZWQlM0R0cnVlJTIyJTIwd2lkdGglM0QlMjIxMDAlMjUlMjIlMjBoZWlnaHQlM0QlMjIxMDAlMjUlMjIlMjBmcmFtZWJvcmRlciUzRCUyMjAlMjIlMjBhbGxvdyUzRCUyMmF1dG9wbGF5JTNCJTIwZnVsbHNjcmVlbiUyMiUyMHN0eWxlJTNEJTIyd2lkdGglM0ExMDAlMjUlM0JoZWlnaHQlM0ExMDAlMjUlM0Jwb3NpdGlvbiUzQWFic29sdXRlJTNCbGVmdCUzQTBweCUzQnRvcCUzQTBweCUzQm92ZXJmbG93JTNBaGlkZGVuJTNCJTIyJTNFJTNDJTJGaWZyYW1lJTNFJTNDJTJGZGl2JTNF[\/vc_raw_html][\/vc_column_inner][\/vc_row_inner][\/vc_column][\/vc_row]<\/p>\n","protected":false},"excerpt":{"rendered":"<p>[vc_row full_width=&#8221;stretch_row_content_no_spaces&#8221; el_class=&#8221;services-list-2&#8243;][vc_column][vc_row_inner el_class=&#8221;container container-center&#8221;][vc_column_inner el_class=&#8221;left&#8221;][vc_raw_html]JTNDZGl2JTIwc3R5bGUlM0QlMjJ3aWR0aCUzQTEwMCUyNSUzQmhlaWdodCUzQTBweCUzQnBvc2l0aW9uJTNBcmVsYXRpdmUlM0JwYWRkaW5nLWJvdHRvbSUzQTU2LjI1JTI1JTNCJTIyJTNFJTNDaWZyYW1lJTIwc3JjJTNEJTIyaHR0cHMlM0ElMkYlMkZzdHJlYW15YXJkLmNvbSUyRndhdGNoJTJGdlNZdlpGR21pS1VxJTNGZW1iZWQlM0R0cnVlJTIyJTIwd2lkdGglM0QlMjIxMDAlMjUlMjIlMjBoZWlnaHQlM0QlMjIxMDAlMjUlMjIlMjBmcmFtZWJvcmRlciUzRCUyMjAlMjIlMjBhbGxvdyUzRCUyMmF1dG9wbGF5JTNCJTIwZnVsbHNjcmVlbiUyMiUyMHN0eWxlJTNEJTIyd2lkdGglM0ExMDAlMjUlM0JoZWlnaHQlM0ExMDAlMjUlM0Jwb3NpdGlvbiUzQWFic29sdXRlJTNCbGVmdCUzQTBweCUzQnRvcCUzQTBweCUzQm92ZXJmbG93JTNBaGlkZGVuJTNCJTIyJTNFJTNDJTJGaWZyYW1lJTNFJTNDJTJGZGl2JTNF[\/vc_raw_html][\/vc_column_inner][\/vc_row_inner][\/vc_column][\/vc_row]<\/p>\n","protected":false},"author":9,"featured_media":262600,"parent":0,"menu_order":0,"comment_status":"closed","ping_status":"closed","template":"template-parts\/temp-contact.php","meta":{"footnotes":""},"class_list":["post-261862","page","type-page","status-publish","has-post-thumbnail","hentry"],"yoast_head":"<!-- This site is optimized with the Yoast SEO plugin v22.6 - https:\/\/yoast.com\/wordpress\/plugins\/seo\/ -->\n<title>Webinaire CATIA V5 vers le cloud | Mecanica<\/title>\n<meta name=\"description\" content=\"Joignez-vous \u00e0 Tony Pompeo le 31 mars \u00e0 14 h pour d\u00e9couvrir une approche concr\u00e8te vers des flux de travail connect\u00e9s au cloud pour CATIA V5.\" \/>\n<meta name=\"robots\" content=\"index, follow, max-snippet:-1, max-image-preview:large, max-video-preview:-1\" \/>\n<link rel=\"canonical\" href=\"https:\/\/mecanicasolutions.com\/fr\/webinaire-catia-v5-vers-le-cloud\/\" \/>\n<meta property=\"og:locale\" content=\"fr_FR\" \/>\n<meta property=\"og:type\" content=\"article\" \/>\n<meta property=\"og:title\" content=\"Webinaire CATIA V5 vers le cloud | Mecanica\" \/>\n<meta property=\"og:description\" content=\"Joignez-vous \u00e0 Tony Pompeo le 31 mars \u00e0 14 h pour d\u00e9couvrir une approche concr\u00e8te vers des flux de travail connect\u00e9s au cloud pour CATIA V5.\" \/>\n<meta property=\"og:url\" content=\"https:\/\/mecanicasolutions.com\/fr\/webinaire-catia-v5-vers-le-cloud\/\" \/>\n<meta property=\"og:site_name\" content=\"MECANICA SOLUTIONS | World Premier Supplier of Dassault\" \/>\n<meta property=\"article:modified_time\" content=\"2026-03-19T15:41:19+00:00\" \/>\n<meta property=\"og:image\" content=\"http:\/\/mecanicasolutions.com\/wp-content\/uploads\/2026\/03\/THUMBNAIL_WEBSITE_ENG.png\" \/>\n\t<meta property=\"og:image:width\" content=\"1601\" \/>\n\t<meta property=\"og:image:height\" content=\"841\" \/>\n\t<meta property=\"og:image:type\" content=\"image\/png\" \/>\n<meta name=\"twitter:card\" content=\"summary_large_image\" \/>\n<meta name=\"twitter:label1\" content=\"Dur\u00e9e de lecture estim\u00e9e\" \/>\n\t<meta name=\"twitter:data1\" content=\"1 minute\" \/>\n<script type=\"application\/ld+json\" class=\"yoast-schema-graph\">{\"@context\":\"https:\/\/schema.org\",\"@graph\":[{\"@type\":\"WebPage\",\"@id\":\"https:\/\/mecanicasolutions.com\/fr\/webinaire-catia-v5-vers-le-cloud\/\",\"url\":\"https:\/\/mecanicasolutions.com\/fr\/webinaire-catia-v5-vers-le-cloud\/\",\"name\":\"Webinaire CATIA V5 vers le cloud | Mecanica\",\"isPartOf\":{\"@id\":\"https:\/\/mecanicasolutions.com\/en\/#website\"},\"primaryImageOfPage\":{\"@id\":\"https:\/\/mecanicasolutions.com\/fr\/webinaire-catia-v5-vers-le-cloud\/#primaryimage\"},\"image\":{\"@id\":\"https:\/\/mecanicasolutions.com\/fr\/webinaire-catia-v5-vers-le-cloud\/#primaryimage\"},\"thumbnailUrl\":\"https:\/\/mecanicasolutions.com\/wp-content\/uploads\/2026\/03\/THUMBNAIL_WEBSITE_ENG.png\",\"datePublished\":\"2024-05-28T14:43:55+00:00\",\"dateModified\":\"2026-03-19T15:41:19+00:00\",\"description\":\"Joignez-vous \u00e0 Tony Pompeo le 31 mars \u00e0 14 h pour d\u00e9couvrir une approche concr\u00e8te vers des flux de travail connect\u00e9s au cloud pour CATIA V5.\",\"breadcrumb\":{\"@id\":\"https:\/\/mecanicasolutions.com\/fr\/webinaire-catia-v5-vers-le-cloud\/#breadcrumb\"},\"inLanguage\":\"fr-FR\",\"potentialAction\":[{\"@type\":\"ReadAction\",\"target\":[\"https:\/\/mecanicasolutions.com\/fr\/webinaire-catia-v5-vers-le-cloud\/\"]}]},{\"@type\":\"ImageObject\",\"inLanguage\":\"fr-FR\",\"@id\":\"https:\/\/mecanicasolutions.com\/fr\/webinaire-catia-v5-vers-le-cloud\/#primaryimage\",\"url\":\"https:\/\/mecanicasolutions.com\/wp-content\/uploads\/2026\/03\/THUMBNAIL_WEBSITE_ENG.png\",\"contentUrl\":\"https:\/\/mecanicasolutions.com\/wp-content\/uploads\/2026\/03\/THUMBNAIL_WEBSITE_ENG.png\",\"width\":1601,\"height\":841,\"caption\":\"THUMBNAIL_WEBSITE_ENG\"},{\"@type\":\"BreadcrumbList\",\"@id\":\"https:\/\/mecanicasolutions.com\/fr\/webinaire-catia-v5-vers-le-cloud\/#breadcrumb\",\"itemListElement\":[{\"@type\":\"ListItem\",\"position\":1,\"name\":\"Home\",\"item\":\"https:\/\/mecanicasolutions.com\/fr\/home-2\/\"},{\"@type\":\"ListItem\",\"position\":2,\"name\":\"Webinaire CATIA V5 vers le cloud\"}]},{\"@type\":\"WebSite\",\"@id\":\"https:\/\/mecanicasolutions.com\/en\/#website\",\"url\":\"https:\/\/mecanicasolutions.com\/en\/\",\"name\":\"MECANICA SOLUTIONS | World Premier Supplier of Dassault\",\"description\":\"Mecanica Solutions has been providing engineering services to the aerospace, automotive and AEC industries since 1982\",\"publisher\":{\"@id\":\"https:\/\/mecanicasolutions.com\/en\/#organization\"},\"potentialAction\":[{\"@type\":\"SearchAction\",\"target\":{\"@type\":\"EntryPoint\",\"urlTemplate\":\"https:\/\/mecanicasolutions.com\/en\/?s={search_term_string}\"},\"query-input\":\"required name=search_term_string\"}],\"inLanguage\":\"fr-FR\"},{\"@type\":\"Organization\",\"@id\":\"https:\/\/mecanicasolutions.com\/en\/#organization\",\"name\":\"MECANICA SOLUTIONS\",\"url\":\"https:\/\/mecanicasolutions.com\/en\/\",\"logo\":{\"@type\":\"ImageObject\",\"inLanguage\":\"fr-FR\",\"@id\":\"https:\/\/mecanicasolutions.com\/en\/#\/schema\/logo\/image\/\",\"url\":\"https:\/\/mecanicasolutions.com\/wp-content\/uploads\/2021\/09\/logo_solidxperts.svg\",\"contentUrl\":\"https:\/\/mecanicasolutions.com\/wp-content\/uploads\/2021\/09\/logo_solidxperts.svg\",\"caption\":\"MECANICA SOLUTIONS\"},\"image\":{\"@id\":\"https:\/\/mecanicasolutions.com\/en\/#\/schema\/logo\/image\/\"}}]}<\/script>\n<!-- \/ Yoast SEO plugin. -->","yoast_head_json":{"title":"Webinaire CATIA V5 vers le cloud | Mecanica","description":"Joignez-vous \u00e0 Tony Pompeo le 31 mars \u00e0 14 h pour d\u00e9couvrir une approche concr\u00e8te vers des flux de travail connect\u00e9s au cloud pour CATIA V5.","robots":{"index":"index","follow":"follow","max-snippet":"max-snippet:-1","max-image-preview":"max-image-preview:large","max-video-preview":"max-video-preview:-1"},"canonical":"https:\/\/mecanicasolutions.com\/fr\/webinaire-catia-v5-vers-le-cloud\/","og_locale":"fr_FR","og_type":"article","og_title":"Webinaire CATIA V5 vers le cloud | Mecanica","og_description":"Joignez-vous \u00e0 Tony Pompeo le 31 mars \u00e0 14 h pour d\u00e9couvrir une approche concr\u00e8te vers des flux de travail connect\u00e9s au cloud pour CATIA V5.","og_url":"https:\/\/mecanicasolutions.com\/fr\/webinaire-catia-v5-vers-le-cloud\/","og_site_name":"MECANICA SOLUTIONS | World Premier Supplier of Dassault","article_modified_time":"2026-03-19T15:41:19+00:00","og_image":[{"width":1601,"height":841,"url":"http:\/\/mecanicasolutions.com\/wp-content\/uploads\/2026\/03\/THUMBNAIL_WEBSITE_ENG.png","type":"image\/png"}],"twitter_card":"summary_large_image","twitter_misc":{"Dur\u00e9e de lecture estim\u00e9e":"1 minute"},"schema":{"@context":"https:\/\/schema.org","@graph":[{"@type":"WebPage","@id":"https:\/\/mecanicasolutions.com\/fr\/webinaire-catia-v5-vers-le-cloud\/","url":"https:\/\/mecanicasolutions.com\/fr\/webinaire-catia-v5-vers-le-cloud\/","name":"Webinaire CATIA V5 vers le cloud | Mecanica","isPartOf":{"@id":"https:\/\/mecanicasolutions.com\/en\/#website"},"primaryImageOfPage":{"@id":"https:\/\/mecanicasolutions.com\/fr\/webinaire-catia-v5-vers-le-cloud\/#primaryimage"},"image":{"@id":"https:\/\/mecanicasolutions.com\/fr\/webinaire-catia-v5-vers-le-cloud\/#primaryimage"},"thumbnailUrl":"https:\/\/mecanicasolutions.com\/wp-content\/uploads\/2026\/03\/THUMBNAIL_WEBSITE_ENG.png","datePublished":"2024-05-28T14:43:55+00:00","dateModified":"2026-03-19T15:41:19+00:00","description":"Joignez-vous \u00e0 Tony Pompeo le 31 mars \u00e0 14 h pour d\u00e9couvrir une approche concr\u00e8te vers des flux de travail connect\u00e9s au cloud pour CATIA V5.","breadcrumb":{"@id":"https:\/\/mecanicasolutions.com\/fr\/webinaire-catia-v5-vers-le-cloud\/#breadcrumb"},"inLanguage":"fr-FR","potentialAction":[{"@type":"ReadAction","target":["https:\/\/mecanicasolutions.com\/fr\/webinaire-catia-v5-vers-le-cloud\/"]}]},{"@type":"ImageObject","inLanguage":"fr-FR","@id":"https:\/\/mecanicasolutions.com\/fr\/webinaire-catia-v5-vers-le-cloud\/#primaryimage","url":"https:\/\/mecanicasolutions.com\/wp-content\/uploads\/2026\/03\/THUMBNAIL_WEBSITE_ENG.png","contentUrl":"https:\/\/mecanicasolutions.com\/wp-content\/uploads\/2026\/03\/THUMBNAIL_WEBSITE_ENG.png","width":1601,"height":841,"caption":"THUMBNAIL_WEBSITE_ENG"},{"@type":"BreadcrumbList","@id":"https:\/\/mecanicasolutions.com\/fr\/webinaire-catia-v5-vers-le-cloud\/#breadcrumb","itemListElement":[{"@type":"ListItem","position":1,"name":"Home","item":"https:\/\/mecanicasolutions.com\/fr\/home-2\/"},{"@type":"ListItem","position":2,"name":"Webinaire CATIA V5 vers le cloud"}]},{"@type":"WebSite","@id":"https:\/\/mecanicasolutions.com\/en\/#website","url":"https:\/\/mecanicasolutions.com\/en\/","name":"MECANICA SOLUTIONS | World Premier Supplier of Dassault","description":"Mecanica Solutions has been providing engineering services to the aerospace, automotive and AEC industries since 1982","publisher":{"@id":"https:\/\/mecanicasolutions.com\/en\/#organization"},"potentialAction":[{"@type":"SearchAction","target":{"@type":"EntryPoint","urlTemplate":"https:\/\/mecanicasolutions.com\/en\/?s={search_term_string}"},"query-input":"required name=search_term_string"}],"inLanguage":"fr-FR"},{"@type":"Organization","@id":"https:\/\/mecanicasolutions.com\/en\/#organization","name":"MECANICA SOLUTIONS","url":"https:\/\/mecanicasolutions.com\/en\/","logo":{"@type":"ImageObject","inLanguage":"fr-FR","@id":"https:\/\/mecanicasolutions.com\/en\/#\/schema\/logo\/image\/","url":"https:\/\/mecanicasolutions.com\/wp-content\/uploads\/2021\/09\/logo_solidxperts.svg","contentUrl":"https:\/\/mecanicasolutions.com\/wp-content\/uploads\/2021\/09\/logo_solidxperts.svg","caption":"MECANICA SOLUTIONS"},"image":{"@id":"https:\/\/mecanicasolutions.com\/en\/#\/schema\/logo\/image\/"}}]}},"_links":{"self":[{"href":"https:\/\/mecanicasolutions.com\/fr\/wp-json\/wp\/v2\/pages\/261862","targetHints":{"allow":["GET"]}}],"collection":[{"href":"https:\/\/mecanicasolutions.com\/fr\/wp-json\/wp\/v2\/pages"}],"about":[{"href":"https:\/\/mecanicasolutions.com\/fr\/wp-json\/wp\/v2\/types\/page"}],"author":[{"embeddable":true,"href":"https:\/\/mecanicasolutions.com\/fr\/wp-json\/wp\/v2\/users\/9"}],"replies":[{"embeddable":true,"href":"https:\/\/mecanicasolutions.com\/fr\/wp-json\/wp\/v2\/comments?post=261862"}],"version-history":[{"count":7,"href":"https:\/\/mecanicasolutions.com\/fr\/wp-json\/wp\/v2\/pages\/261862\/revisions"}],"predecessor-version":[{"id":262598,"href":"https:\/\/mecanicasolutions.com\/fr\/wp-json\/wp\/v2\/pages\/261862\/revisions\/262598"}],"wp:featuredmedia":[{"embeddable":true,"href":"https:\/\/mecanicasolutions.com\/fr\/wp-json\/wp\/v2\/media\/262600"}],"wp:attachment":[{"href":"https:\/\/mecanicasolutions.com\/fr\/wp-json\/wp\/v2\/media?parent=261862"}],"curies":[{"name":"wp","href":"https:\/\/api.w.org\/{rel}","templated":true}]}}