{"id":2139,"date":"2021-10-15T14:34:38","date_gmt":"2021-10-15T14:34:38","guid":{"rendered":"https:\/\/staging.mecanicasolutions.com\/staging\/promotion\/"},"modified":"2025-01-15T15:23:35","modified_gmt":"2025-01-15T15:23:35","slug":"promotion","status":"publish","type":"page","link":"https:\/\/mecanicasolutions.com\/fr\/promotion\/","title":{"rendered":"Promotion"},"content":{"rendered":"<p>[vc_row full_width=&#8221;stretch_row_content_no_spaces&#8221; el_class=&#8221;services-1 page-header&#8221;][vc_column][vc_row_inner el_class=&#8221;inner container container-center&#8221;][vc_column_inner][vc_column_text el_class=&#8221;title-1&#8243;]D\u00e9couvrez notre derni\u00e8re promotion[\/vc_column_text][vc_column_text el_class=&#8221;title-2&#8243;]<\/p>\n<h1>PROMOTIONS<\/h1>\n<p>[\/vc_column_text][\/vc_column_inner][\/vc_row_inner][vc_single_image el_class=&#8221;bg&#8221; css=&#8221;.vc_custom_1648817408988{background-image: url(https:\/\/mecanicasolutions.com\/wp-content\/uploads\/2022\/04\/promo.jpg?id=7234) !important;background-position: center !important;background-repeat: no-repeat !important;background-size: cover !important;}&#8221;][\/vc_column][\/vc_row][vc_row full_width=&#8221;stretch_row_content_no_spaces&#8221; disable_element=&#8221;yes&#8221; el_class=&#8221;pd-5 pd-form career-4 home-promotion-section&#8221; el_id=&#8221;sla&#8221;][vc_column][vc_row_inner el_class=&#8221;container container-center&#8221;][vc_column_inner el_class=&#8221;hideme&#8221; width=&#8221;1\/2&#8243;][vc_column_text el_class=&#8221;title&#8221;]<\/p>\n<h2 style=\"text-align: center;\"><strong>D\u00e9bloquez tout le potentiel de CATIA R34 !<\/strong><\/h2>\n<p>&nbsp;<\/p>\n<p>&nbsp;<\/p>\n<p>Avez-vous annul\u00e9 votre support CATIA au cours des derni\u00e8res ann\u00e9es, mais souhaitez profiter des derni\u00e8res mises \u00e0 jour et fonctionnalit\u00e9s ? C&#8217;est votre chance de revenir dans la course et d&#8217;acc\u00e9der \u00e0 la version CATIA R34 \u00e0 une fraction du co\u00fbt avec notre offre exclusive de r\u00e9tablissement de support en fin d&#8217;ann\u00e9e !<\/p>\n<p>Toute personne ayant annul\u00e9 son support CATIA entre le 1er janvier 2018 et le 1er octobre 2024 est \u00e9ligible pour :<\/p>\n<p>&nbsp;<\/p>\n<ul>\n<li>Apr\u00e8s le 1er janvier 2021 : Payez 1 an en arri\u00e8re + 1 an \u00e0 venir.<\/li>\n<li>Entre le 1er janvier 2018 et le 31 d\u00e9cembre 2020 : Payez 1,5 an en arri\u00e8re + 1 an \u00e0 venir.<\/li>\n<\/ul>\n<p>&nbsp;<\/p>\n<p>Pour ceux qui ach\u00e8tent 2 ans \u00e0 venir, profitez d&#8217;un bon de r\u00e9duction de 20 % sur la valeur r\u00e9tablie de votre support (valable 1 an).<\/p>\n<p>*Offre valable jusqu&#8217;au 31 d\u00e9cembre 2024. Certaines conditions s&#8217;appliquent. Contactez-nous pour plus de d\u00e9tails sur l&#8217;offre.[\/vc_column_text][\/vc_column_inner][vc_column_inner el_class=&#8221;form-block hideme info-block hideme&#8221; width=&#8221;1\/2&#8243;][vc_column_text el_class=&#8221;form-block-inner products-contact&#8221;]\n<div class=\"wpcf7 no-js\" id=\"wpcf7-f11529-o1\" lang=\"en-US\" dir=\"ltr\">\n<div class=\"screen-reader-response\"><p role=\"status\" aria-live=\"polite\" aria-atomic=\"true\"><\/p> <ul><\/ul><\/div>\n<form action=\"\/fr\/wp-json\/wp\/v2\/pages\/2139#wpcf7-f11529-o1\" method=\"post\" class=\"wpcf7-form init\" aria-label=\"Contact form\" novalidate=\"novalidate\" data-status=\"init\">\n<div style=\"display: none;\">\n<input type=\"hidden\" name=\"_wpcf7\" value=\"11529\" \/>\n<input type=\"hidden\" name=\"_wpcf7_version\" value=\"5.8.7\" \/>\n<input type=\"hidden\" name=\"_wpcf7_locale\" value=\"en_US\" \/>\n<input type=\"hidden\" name=\"_wpcf7_unit_tag\" value=\"wpcf7-f11529-o1\" \/>\n<input type=\"hidden\" name=\"_wpcf7_container_post\" value=\"0\" \/>\n<input type=\"hidden\" name=\"_wpcf7_posted_data_hash\" value=\"\" \/>\n<input type=\"hidden\" name=\"_wpcf7_recaptcha_response\" value=\"\" \/>\n<\/div>\n<div class=\"p-cont-firstname\">\n\t<p><span class=\"wpcf7-form-control-wrap\" data-name=\"firstname\"><input size=\"40\" class=\"wpcf7-form-control wpcf7-text wpcf7-validates-as-required\" aria-required=\"true\" aria-invalid=\"false\" value=\"\" type=\"text\" name=\"firstname\" \/><\/span><label>Pr\u00e9nom*<\/label>\n\t<\/p>\n<\/div>\n<div class=\"p-cont-lastname\">\n\t<p><span class=\"wpcf7-form-control-wrap\" data-name=\"lastname\"><input size=\"40\" class=\"wpcf7-form-control wpcf7-text\" aria-invalid=\"false\" value=\"\" type=\"text\" name=\"lastname\" \/><\/span><label>Nom<\/label>\n\t<\/p>\n<\/div>\n<div class=\"p-cont-tel\">\n\t<p><span class=\"wpcf7-form-control-wrap\" data-name=\"company\"><input size=\"40\" class=\"wpcf7-form-control wpcf7-text wpcf7-validates-as-required\" aria-required=\"true\" aria-invalid=\"false\" value=\"\" type=\"text\" name=\"company\" \/><\/span><label>Entreprise*<\/label>\n\t<\/p>\n<\/div>\n<div class=\"p-cont-tel\">\n\t<p><span class=\"wpcf7-form-control-wrap\" data-name=\"t\"><input size=\"40\" class=\"wpcf7-form-control wpcf7-text wpcf7-validates-as-required\" aria-required=\"true\" aria-invalid=\"false\" value=\"\" type=\"text\" name=\"t\" \/><\/span><label>Titre*<\/label>\n\t<\/p>\n<\/div>\n<div class=\"p-cont-tel\">\n\t<p><span class=\"wpcf7-form-control-wrap\" data-name=\"tel\"><input size=\"40\" class=\"wpcf7-form-control wpcf7-text wpcf7-validates-as-required\" aria-required=\"true\" aria-invalid=\"false\" value=\"\" type=\"text\" name=\"tel\" \/><\/span><label>T\u00e9l\u00e9phone*<\/label>\n\t<\/p>\n<\/div>\n<div class=\"p-cont-email\">\n\t<p><span class=\"wpcf7-form-control-wrap\" data-name=\"email\"><input size=\"40\" class=\"wpcf7-form-control wpcf7-email wpcf7-validates-as-required wpcf7-text wpcf7-validates-as-email\" aria-required=\"true\" aria-invalid=\"false\" value=\"\" type=\"email\" name=\"email\" \/><\/span><label>Courriel*<\/label>\n\t<\/p>\n<\/div>\n<div class=\"p-cont-message\">\n\t<p><span class=\"wpcf7-form-control-wrap\" data-name=\"message\"><textarea cols=\"40\" rows=\"10\" class=\"wpcf7-form-control wpcf7-textarea\" aria-invalid=\"false\" name=\"message\"><\/textarea><\/span><label>Message<\/label>\n\t<\/p>\n<\/div>\n<div class=\"p-cont-consent\">\n\t<p><span class=\"checkbox\"><\/span><span class=\"label\">Je consens \u00e0 recevoir des communications \u00e9lectroniques de Mecanica Solutions Inc. Vous pouvez vous d\u00e9sabonner \u00e0 tout moment.<\/span>\n\t<\/p>\n<\/div>\n<div class=\"p-cont-consent-hidden\">\n\t<p><span class=\"wpcf7-form-control-wrap\" data-name=\"consent\"><input size=\"40\" class=\"wpcf7-form-control wpcf7-text\" aria-invalid=\"false\" value=\"\" type=\"text\" name=\"consent\" \/><\/span>\n\t<\/p>\n<\/div>\n<span class=\"wpcf7-form-control-wrap recaptcha\" data-name=\"recaptcha\"><span data-sitekey=\"6LfgLKokAAAAALNsie97uIg26JvkrV3VNed5R1X7\" class=\"wpcf7-form-control wpcf7-recaptcha g-recaptcha\"><\/span>\r\n<noscript>\r\n\t<div class=\"grecaptcha-noscript\">\r\n\t\t<iframe src=\"https:\/\/www.google.com\/recaptcha\/api\/fallback?k=6LfgLKokAAAAALNsie97uIg26JvkrV3VNed5R1X7\" frameborder=\"0\" scrolling=\"no\" width=\"310\" height=\"430\">\r\n\t\t<\/iframe>\r\n\t\t<textarea name=\"g-recaptcha-response\" rows=\"3\" cols=\"40\" placeholder=\"reCaptcha Response Here\">\r\n\t\t<\/textarea>\r\n\t<\/div>\r\n<\/noscript>\r\n<\/span>\n<input class=\"wpcf7-form-control wpcf7-hidden\" value=\"\" type=\"hidden\" name=\"utm_source\" \/>\n<input class=\"wpcf7-form-control wpcf7-hidden\" value=\"\" type=\"hidden\" name=\"utm_medium\" \/>\n<input class=\"wpcf7-form-control wpcf7-hidden\" value=\"\" type=\"hidden\" name=\"utm_campaign\" \/>\n<input class=\"wpcf7-form-control wpcf7-hidden\" value=\"\" type=\"hidden\" name=\"utm_term\" \/>\n<input class=\"wpcf7-form-control wpcf7-hidden\" value=\"\" type=\"hidden\" name=\"utm_content\" \/>\n<span class=\"wpcf7-form-control-wrap page-title\" data-name=\"page-title\"><input type=\"hidden\" name=\"page-title\" id=\"\" class=\"wpcf7-form-control wpcf7-hidden wpcf7dtx wpcf7dtx-hidden\" aria-invalid=\"false\" value=\"Promotion\" \/><\/span>\n<div class=\"p-cont-submit\">\n\t<p><input class=\"wpcf7-form-control wpcf7-submit has-spinner\" type=\"submit\" value=\"Envoyer ma demande\" \/><span class=\"arrow\"><\/span>\n\t<\/p>\n<\/div><div class=\"wpcf7-response-output\" aria-hidden=\"true\"><\/div>\n<\/form>\n<\/div>\n[\/vc_column_text][\/vc_column_inner][\/vc_row_inner][\/vc_column][\/vc_row][vc_row disable_element=&#8221;yes&#8221; el_class=&#8221;career-4 home-promotion-section&#8221;][vc_column][vc_row_inner content_placement=&#8221;middle&#8221; el_class=&#8221;container container-center&#8221;][vc_column_inner el_class=&#8221;info-block hideme&#8221; offset=&#8221;vc_col-lg-5 vc_col-md-5&#8243;][\/vc_column_inner][vc_column_inner el_class=&#8221;hideme&#8221; css=&#8221;.vc_custom_1648757073782{padding-right: 0px !important;padding-left: 0px !important;}&#8221; offset=&#8221;vc_col-lg-7 vc_col-md-7&#8243;][\/vc_column_inner][\/vc_row_inner][\/vc_column][\/vc_row][vc_section el_id=&#8221;request&#8221; el_class=&#8221;section-contact&#8221;][vc_row full_width=&#8221;stretch_row_content_no_spaces&#8221; el_class=&#8221;pd-form&#8221;][vc_column][vc_column_text el_class=&#8221;title&#8221;]<\/p>\n<h3 style=\"text-align: center;\">Revenez r\u00e9guli\u00e8rement pour de nouvelles promotions, vous ne savez jamais quelle opportunit\u00e9 vous attend au coin de la rue\u00a0!<\/h3>\n<p>[\/vc_column_text][\/vc_column][\/vc_row][\/vc_section]<\/p>\n","protected":false},"excerpt":{"rendered":"<p>[vc_row full_width=&#8221;stretch_row_content_no_spaces&#8221; el_class=&#8221;services-1 page-header&#8221;][vc_column][vc_row_inner el_class=&#8221;inner container container-center&#8221;][vc_column_inner][vc_column_text el_class=&#8221;title-1&#8243;]D\u00e9couvrez notre derni\u00e8re promotion[\/vc_column_text][vc_column_text el_class=&#8221;title-2&#8243;] PROMOTIONS [\/vc_column_text][\/vc_column_inner][\/vc_row_inner][vc_single_image el_class=&#8221;bg&#8221; css=&#8221;.vc_custom_1648817408988{background-image: url(https:\/\/mecanicasolutions.com\/wp-content\/uploads\/2022\/04\/promo.jpg?id=7234) !important;background-position: center !important;background-repeat: no-repeat !important;background-size: cover !important;}&#8221;][\/vc_column][\/vc_row][vc_row full_width=&#8221;stretch_row_content_no_spaces&#8221; disable_element=&#8221;yes&#8221; el_class=&#8221;pd-5 pd-form career-4 home-promotion-section&#8221; el_id=&#8221;sla&#8221;][vc_column][vc_row_inner el_class=&#8221;container container-center&#8221;][vc_column_inner el_class=&#8221;hideme&#8221; width=&#8221;1\/2&#8243;][vc_column_text el_class=&#8221;title&#8221;] D\u00e9bloquez tout le potentiel de CATIA R34 ! &nbsp; &nbsp; Avez-vous annul\u00e9 votre support CATIA au cours des derni\u00e8res [&hellip;]<\/p>\n","protected":false},"author":9,"featured_media":0,"parent":0,"menu_order":0,"comment_status":"closed","ping_status":"closed","template":"template-parts\/temp-career.php","meta":{"footnotes":""},"class_list":["post-2139","page","type-page","status-publish","hentry"],"yoast_head":"<!-- This site is optimized with the Yoast SEO plugin v22.6 - https:\/\/yoast.com\/wordpress\/plugins\/seo\/ -->\n<title>Promotion -Mecanica- Premier fournisseur mondial de Dassault<\/title>\n<meta name=\"description\" content=\"REVENEZ R\u00c9GULI\u00c8REMENT POUR DE NOUVELLES PROMOTIONS, VOUS NE SAVEZ JAMAIS QUELLE OPPORTUNIT\u00c9 VOUS ATTEND JUSTE AU COIN\" \/>\n<meta name=\"robots\" content=\"index, follow, max-snippet:-1, max-image-preview:large, max-video-preview:-1\" \/>\n<link rel=\"canonical\" href=\"https:\/\/mecanicasolutions.com\/fr\/promotion\/\" \/>\n<meta property=\"og:locale\" content=\"fr_FR\" \/>\n<meta property=\"og:type\" content=\"article\" \/>\n<meta property=\"og:title\" content=\"Promotion -Mecanica- Premier fournisseur mondial de Dassault\" \/>\n<meta property=\"og:description\" content=\"REVENEZ R\u00c9GULI\u00c8REMENT POUR DE NOUVELLES PROMOTIONS, VOUS NE SAVEZ JAMAIS QUELLE OPPORTUNIT\u00c9 VOUS ATTEND JUSTE AU COIN\" \/>\n<meta property=\"og:url\" content=\"https:\/\/mecanicasolutions.com\/fr\/promotion\/\" \/>\n<meta property=\"og:site_name\" content=\"MECANICA SOLUTIONS | World Premier Supplier of Dassault\" \/>\n<meta property=\"article:modified_time\" content=\"2025-01-15T15:23:35+00:00\" \/>\n<meta name=\"twitter:card\" content=\"summary_large_image\" \/>\n<meta name=\"twitter:label1\" content=\"Dur\u00e9e de lecture estim\u00e9e\" \/>\n\t<meta name=\"twitter:data1\" content=\"2 minutes\" \/>\n<script type=\"application\/ld+json\" class=\"yoast-schema-graph\">{\"@context\":\"https:\/\/schema.org\",\"@graph\":[{\"@type\":\"WebPage\",\"@id\":\"https:\/\/mecanicasolutions.com\/fr\/promotion\/\",\"url\":\"https:\/\/mecanicasolutions.com\/fr\/promotion\/\",\"name\":\"Promotion -Mecanica- Premier fournisseur mondial de Dassault\",\"isPartOf\":{\"@id\":\"https:\/\/mecanicasolutions.com\/en\/#website\"},\"datePublished\":\"2021-10-15T14:34:38+00:00\",\"dateModified\":\"2025-01-15T15:23:35+00:00\",\"description\":\"REVENEZ R\u00c9GULI\u00c8REMENT POUR DE NOUVELLES PROMOTIONS, VOUS NE SAVEZ JAMAIS QUELLE OPPORTUNIT\u00c9 VOUS ATTEND JUSTE AU COIN\",\"breadcrumb\":{\"@id\":\"https:\/\/mecanicasolutions.com\/fr\/promotion\/#breadcrumb\"},\"inLanguage\":\"fr-FR\",\"potentialAction\":[{\"@type\":\"ReadAction\",\"target\":[\"https:\/\/mecanicasolutions.com\/fr\/promotion\/\"]}]},{\"@type\":\"BreadcrumbList\",\"@id\":\"https:\/\/mecanicasolutions.com\/fr\/promotion\/#breadcrumb\",\"itemListElement\":[{\"@type\":\"ListItem\",\"position\":1,\"name\":\"Home\",\"item\":\"https:\/\/mecanicasolutions.com\/fr\/home-2\/\"},{\"@type\":\"ListItem\",\"position\":2,\"name\":\"Promotion\"}]},{\"@type\":\"WebSite\",\"@id\":\"https:\/\/mecanicasolutions.com\/en\/#website\",\"url\":\"https:\/\/mecanicasolutions.com\/en\/\",\"name\":\"MECANICA SOLUTIONS | World Premier Supplier of Dassault\",\"description\":\"Mecanica Solutions has been providing engineering services to the aerospace, automotive and AEC industries since 1982\",\"publisher\":{\"@id\":\"https:\/\/mecanicasolutions.com\/en\/#organization\"},\"potentialAction\":[{\"@type\":\"SearchAction\",\"target\":{\"@type\":\"EntryPoint\",\"urlTemplate\":\"https:\/\/mecanicasolutions.com\/en\/?s={search_term_string}\"},\"query-input\":\"required name=search_term_string\"}],\"inLanguage\":\"fr-FR\"},{\"@type\":\"Organization\",\"@id\":\"https:\/\/mecanicasolutions.com\/en\/#organization\",\"name\":\"MECANICA SOLUTIONS\",\"url\":\"https:\/\/mecanicasolutions.com\/en\/\",\"logo\":{\"@type\":\"ImageObject\",\"inLanguage\":\"fr-FR\",\"@id\":\"https:\/\/mecanicasolutions.com\/en\/#\/schema\/logo\/image\/\",\"url\":\"https:\/\/mecanicasolutions.com\/wp-content\/uploads\/2021\/09\/logo_solidxperts.svg\",\"contentUrl\":\"https:\/\/mecanicasolutions.com\/wp-content\/uploads\/2021\/09\/logo_solidxperts.svg\",\"caption\":\"MECANICA SOLUTIONS\"},\"image\":{\"@id\":\"https:\/\/mecanicasolutions.com\/en\/#\/schema\/logo\/image\/\"}}]}<\/script>\n<!-- \/ Yoast SEO plugin. -->","yoast_head_json":{"title":"Promotion -Mecanica- Premier fournisseur mondial de Dassault","description":"REVENEZ R\u00c9GULI\u00c8REMENT POUR DE NOUVELLES PROMOTIONS, VOUS NE SAVEZ JAMAIS QUELLE OPPORTUNIT\u00c9 VOUS ATTEND JUSTE AU COIN","robots":{"index":"index","follow":"follow","max-snippet":"max-snippet:-1","max-image-preview":"max-image-preview:large","max-video-preview":"max-video-preview:-1"},"canonical":"https:\/\/mecanicasolutions.com\/fr\/promotion\/","og_locale":"fr_FR","og_type":"article","og_title":"Promotion -Mecanica- Premier fournisseur mondial de Dassault","og_description":"REVENEZ R\u00c9GULI\u00c8REMENT POUR DE NOUVELLES PROMOTIONS, VOUS NE SAVEZ JAMAIS QUELLE OPPORTUNIT\u00c9 VOUS ATTEND JUSTE AU COIN","og_url":"https:\/\/mecanicasolutions.com\/fr\/promotion\/","og_site_name":"MECANICA SOLUTIONS | World Premier Supplier of Dassault","article_modified_time":"2025-01-15T15:23:35+00:00","twitter_card":"summary_large_image","twitter_misc":{"Dur\u00e9e de lecture estim\u00e9e":"2 minutes"},"schema":{"@context":"https:\/\/schema.org","@graph":[{"@type":"WebPage","@id":"https:\/\/mecanicasolutions.com\/fr\/promotion\/","url":"https:\/\/mecanicasolutions.com\/fr\/promotion\/","name":"Promotion -Mecanica- Premier fournisseur mondial de Dassault","isPartOf":{"@id":"https:\/\/mecanicasolutions.com\/en\/#website"},"datePublished":"2021-10-15T14:34:38+00:00","dateModified":"2025-01-15T15:23:35+00:00","description":"REVENEZ R\u00c9GULI\u00c8REMENT POUR DE NOUVELLES PROMOTIONS, VOUS NE SAVEZ JAMAIS QUELLE OPPORTUNIT\u00c9 VOUS ATTEND JUSTE AU COIN","breadcrumb":{"@id":"https:\/\/mecanicasolutions.com\/fr\/promotion\/#breadcrumb"},"inLanguage":"fr-FR","potentialAction":[{"@type":"ReadAction","target":["https:\/\/mecanicasolutions.com\/fr\/promotion\/"]}]},{"@type":"BreadcrumbList","@id":"https:\/\/mecanicasolutions.com\/fr\/promotion\/#breadcrumb","itemListElement":[{"@type":"ListItem","position":1,"name":"Home","item":"https:\/\/mecanicasolutions.com\/fr\/home-2\/"},{"@type":"ListItem","position":2,"name":"Promotion"}]},{"@type":"WebSite","@id":"https:\/\/mecanicasolutions.com\/en\/#website","url":"https:\/\/mecanicasolutions.com\/en\/","name":"MECANICA SOLUTIONS | World Premier Supplier of Dassault","description":"Mecanica Solutions has been providing engineering services to the aerospace, automotive and AEC industries since 1982","publisher":{"@id":"https:\/\/mecanicasolutions.com\/en\/#organization"},"potentialAction":[{"@type":"SearchAction","target":{"@type":"EntryPoint","urlTemplate":"https:\/\/mecanicasolutions.com\/en\/?s={search_term_string}"},"query-input":"required name=search_term_string"}],"inLanguage":"fr-FR"},{"@type":"Organization","@id":"https:\/\/mecanicasolutions.com\/en\/#organization","name":"MECANICA SOLUTIONS","url":"https:\/\/mecanicasolutions.com\/en\/","logo":{"@type":"ImageObject","inLanguage":"fr-FR","@id":"https:\/\/mecanicasolutions.com\/en\/#\/schema\/logo\/image\/","url":"https:\/\/mecanicasolutions.com\/wp-content\/uploads\/2021\/09\/logo_solidxperts.svg","contentUrl":"https:\/\/mecanicasolutions.com\/wp-content\/uploads\/2021\/09\/logo_solidxperts.svg","caption":"MECANICA SOLUTIONS"},"image":{"@id":"https:\/\/mecanicasolutions.com\/en\/#\/schema\/logo\/image\/"}}]}},"_links":{"self":[{"href":"https:\/\/mecanicasolutions.com\/fr\/wp-json\/wp\/v2\/pages\/2139","targetHints":{"allow":["GET"]}}],"collection":[{"href":"https:\/\/mecanicasolutions.com\/fr\/wp-json\/wp\/v2\/pages"}],"about":[{"href":"https:\/\/mecanicasolutions.com\/fr\/wp-json\/wp\/v2\/types\/page"}],"author":[{"embeddable":true,"href":"https:\/\/mecanicasolutions.com\/fr\/wp-json\/wp\/v2\/users\/9"}],"replies":[{"embeddable":true,"href":"https:\/\/mecanicasolutions.com\/fr\/wp-json\/wp\/v2\/comments?post=2139"}],"version-history":[{"count":3,"href":"https:\/\/mecanicasolutions.com\/fr\/wp-json\/wp\/v2\/pages\/2139\/revisions"}],"predecessor-version":[{"id":261294,"href":"https:\/\/mecanicasolutions.com\/fr\/wp-json\/wp\/v2\/pages\/2139\/revisions\/261294"}],"wp:attachment":[{"href":"https:\/\/mecanicasolutions.com\/fr\/wp-json\/wp\/v2\/media?parent=2139"}],"curies":[{"name":"wp","href":"https:\/\/api.w.org\/{rel}","templated":true}]}}