{"id":11178,"date":"2024-01-10T14:18:10","date_gmt":"2024-01-10T14:18:10","guid":{"rendered":"https:\/\/mecanicasolutions.com\/fulfillment-policy\/"},"modified":"2024-01-10T14:44:16","modified_gmt":"2024-01-10T14:44:16","slug":"politique-de-mise-en-oeuvre","status":"publish","type":"page","link":"https:\/\/mecanicasolutions.com\/fr\/politique-de-mise-en-oeuvre\/","title":{"rendered":"Politique de Mise en Oeuvre"},"content":{"rendered":"<p>[vc_row full_width=&#8221;stretch_row_content_no_spaces&#8221; el_class=&#8221;career-1 page-header&#8221;][vc_column][vc_row_inner el_class=&#8221;inner container container-center&#8221;][vc_column_inner][vc_column_text el_class=&#8221;title-1&#8243;]POLITIQUE DE MISE EN OEUVRE[\/vc_column_text][vc_column_text el_class=&#8221;title-2&#8243;]<span class=\"TextRun Underlined SCXW197935923 BCX0\" lang=\"EN-CA\" xml:lang=\"EN-CA\" data-contrast=\"auto\"><span class=\"NormalTextRun SCXW197935923 BCX0\">Politique de Mise en Oeuvre de Mecanic<\/span><span class=\"NormalTextRun SCXW197935923 BCX0\">a<\/span><\/span>[\/vc_column_text][\/vc_column_inner][\/vc_row_inner][vc_single_image img_size=&#8221;&#8221; el_class=&#8221;bg&#8221; css=&#8221;.vc_custom_1633095666196{background-image: url(https:\/\/mecanicasolutions.com\/wp-content\/uploads\/2021\/09\/GettyImages-resize.jpg?id=629) !important;background-position: center !important;background-repeat: no-repeat !important;background-size: cover !important;}&#8221;][\/vc_column][\/vc_row][vc_row el_class=&#8221;policy&#8221;][vc_column][vc_row_inner el_class=&#8221;container container-center&#8221;][vc_column_inner el_class=&#8221;hideme&#8221;][vc_column_text el_class=&#8221;details&#8221;]<strong>Livraison\u00a0:<\/strong><\/p>\n<ol>\n<li>Logiciels : La livraison de tous les logiciels se fait par voie \u00e9lectronique et est g\u00e9n\u00e9ralement effectu\u00e9e dans les 48 heures suivant la r\u00e9ception du bon de commande.<\/li>\n<li>Mat\u00e9riel et consommables : Mecanica Solutions est un revendeur et, en tant que tel, l&#8217;exp\u00e9dition est soumise \u00e0 la disponibilit\u00e9 du fabricant. L&#8217;exp\u00e9dition de tous les articles en stock est effectu\u00e9e dans les 48 heures suivant la r\u00e9ception de la commande. Tous les articles non stock\u00e9s seront command\u00e9s dans les 24 heures suivant la r\u00e9ception de la commande et la livraison d\u00e9pend du fabricant. Un d\u00e9lai de livraison approximatif peut \u00eatre fourni sur demande.<\/li>\n<li>Les frais d&#8217;exp\u00e9dition seront factur\u00e9s au client. Le client peut demander que les frais d&#8217;exp\u00e9dition soient port\u00e9s \u00e0 son compte direct si possible. Mecanica Solutions ne peut pas le garantir mais fera tout son possible pour le faire le cas \u00e9ch\u00e9ant.<\/li>\n<\/ol>\n<p><strong>Annulation, Remboursement, Retour\u00a0:<\/strong><\/p>\n<ol>\n<li>Toutes les ventes sont d\u00e9finitives suite \u00e0 la r\u00e9ception du bon de commande et ne peuvent faire l&#8217;objet d&#8217;une annulation, d&#8217;un remboursement, d&#8217;un retour, d&#8217;une modification ou d&#8217;une r\u00e9duction du montant, ou d&#8217;une suspension des livraisons, sauf accord \u00e9crit pr\u00e9alable de la part de Mecanica Solutions<\/li>\n<li>Le Client reconna\u00eet et accepte que le Logiciel lui soit conc\u00e9d\u00e9 sous licence conform\u00e9ment aux termes et conditions contenus dans une licence apparaissant sur un \u00e9cran d&#8217;ordinateur lors de l&#8217;installation du Logiciel (commun\u00e9ment appel\u00e9e licence &#8220;click-through&#8221;). Le Client et Mecanica Solutions conviennent que les termes et conditions de toute licence click-through contenue dans le Logiciel sont par la pr\u00e9sente incorpor\u00e9s par r\u00e9f\u00e9rence dans le Contrat comme s&#8217;ils y figuraient int\u00e9gralement. Le Client accepte d&#8217;\u00eatre li\u00e9 par les termes et conditions de toute licence click-through contenue dans le Logiciel, ind\u00e9pendamment du fait que le Logiciel g\u00e9n\u00e9rant cette licence par clic soit install\u00e9 par l&#8217;employ\u00e9 du Client ou par Mecanica Solutions ou un contractant ind\u00e9pendant installant le Logiciel pour l&#8217;usage du Client. Mecanica Solutions fournira au Client, sur demande, une copie de cette licence click-through.<\/li>\n<li>Mecanica Solutions peut, \u00e0 sa seule discr\u00e9tion, accepter d&#8217;\u00e9changer du mat\u00e9riel ou des consommables non ouverts. Un tel \u00e9change doit \u00eatre demand\u00e9 par le client par \u00e9crit et accept\u00e9 par Mecanica Solutions par \u00e9crit avec les d\u00e9tails des articles \u00e9chang\u00e9s. Aucun retour ne peut \u00eatre effectu\u00e9 sans l&#8217;accord \u00e9crit pr\u00e9alable des deux parties. Mecanica Solutions peut appliquer des frais de restockage \u00e0 l&#8217;\u00e9change et en informera le client avant de proc\u00e9der au retour. Les frais d&#8217;exp\u00e9dition pour le retour des articles originaux et l&#8217;envoi des articles de remplacement seront factur\u00e9s au client.<\/li>\n<\/ol>\n<p><span data-ccp-props=\"{}\">\u00a0<\/span><\/p>\n<p><span data-contrast=\"auto\">Pour toute question ou demande de renseignements, n&#8217;h\u00e9sitez pas \u00e0 contacter <a href=\"https:\/\/mecanicasolutions.com\/fr\/contactez-nous\/\">contactez nous<\/a>.<\/span><span data-ccp-props=\"{}\">\u00a0<\/span>[\/vc_column_text][\/vc_column_inner][\/vc_row_inner][\/vc_column][\/vc_row]<\/p>\n","protected":false},"excerpt":{"rendered":"<p>[vc_row full_width=&#8221;stretch_row_content_no_spaces&#8221; el_class=&#8221;career-1 page-header&#8221;][vc_column][vc_row_inner el_class=&#8221;inner container container-center&#8221;][vc_column_inner][vc_column_text el_class=&#8221;title-1&#8243;]POLITIQUE DE MISE EN OEUVRE[\/vc_column_text][vc_column_text el_class=&#8221;title-2&#8243;]Politique de Mise en Oeuvre de Mecanica[\/vc_column_text][\/vc_column_inner][\/vc_row_inner][vc_single_image img_size=&#8221;&#8221; el_class=&#8221;bg&#8221; css=&#8221;.vc_custom_1633095666196{background-image: url(https:\/\/mecanicasolutions.com\/wp-content\/uploads\/2021\/09\/GettyImages-resize.jpg?id=629) !important;background-position: center !important;background-repeat: no-repeat !important;background-size: cover !important;}&#8221;][\/vc_column][\/vc_row][vc_row el_class=&#8221;policy&#8221;][vc_column][vc_row_inner el_class=&#8221;container container-center&#8221;][vc_column_inner el_class=&#8221;hideme&#8221;][vc_column_text el_class=&#8221;details&#8221;]Livraison\u00a0: Logiciels : La livraison de tous les logiciels se fait par voie \u00e9lectronique et est g\u00e9n\u00e9ralement effectu\u00e9e dans les 48 [&hellip;]<\/p>\n","protected":false},"author":9,"featured_media":8302,"parent":0,"menu_order":0,"comment_status":"closed","ping_status":"closed","template":"template-parts\/temp-career.php","meta":{"footnotes":""},"class_list":["post-11178","page","type-page","status-publish","has-post-thumbnail","hentry"],"yoast_head":"<!-- This site is optimized with the Yoast SEO plugin v22.6 - https:\/\/yoast.com\/wordpress\/plugins\/seo\/ -->\n<title>Politique de Mise en Oeuvre - Mecanica Solutions<\/title>\n<meta name=\"description\" content=\"Mecanica vous remercie de votre visite sur son site web. Nous esp\u00e9rons que cette d\u00e9claration sur la politique d&#039;ex\u00e9cution r\u00e9pondra.\" \/>\n<meta name=\"robots\" content=\"index, follow, max-snippet:-1, max-image-preview:large, max-video-preview:-1\" \/>\n<link rel=\"canonical\" href=\"https:\/\/mecanicasolutions.com\/fr\/politique-de-mise-en-oeuvre\/\" \/>\n<meta property=\"og:locale\" content=\"fr_FR\" \/>\n<meta property=\"og:type\" content=\"article\" \/>\n<meta property=\"og:title\" content=\"Politique de Mise en Oeuvre - Mecanica Solutions\" \/>\n<meta property=\"og:description\" content=\"Mecanica vous remercie de votre visite sur son site web. Nous esp\u00e9rons que cette d\u00e9claration sur la politique d&#039;ex\u00e9cution r\u00e9pondra.\" \/>\n<meta property=\"og:url\" content=\"https:\/\/mecanicasolutions.com\/fr\/politique-de-mise-en-oeuvre\/\" \/>\n<meta property=\"og:site_name\" content=\"MECANICA SOLUTIONS | World Premier Supplier of Dassault\" \/>\n<meta property=\"article:modified_time\" content=\"2024-01-10T14:44:16+00:00\" \/>\n<meta property=\"og:image\" content=\"https:\/\/mecanicasolutions.com\/wp-content\/uploads\/2022\/03\/brooke-cagle-WHWYBmtn3_0-unsplash-scaled.jpg\" \/>\n\t<meta property=\"og:image:width\" content=\"2560\" \/>\n\t<meta property=\"og:image:height\" content=\"1707\" \/>\n\t<meta property=\"og:image:type\" content=\"image\/jpeg\" \/>\n<meta name=\"twitter:card\" content=\"summary_large_image\" \/>\n<meta name=\"twitter:label1\" content=\"Dur\u00e9e de lecture estim\u00e9e\" \/>\n\t<meta name=\"twitter:data1\" content=\"3 minutes\" \/>\n<script type=\"application\/ld+json\" class=\"yoast-schema-graph\">{\"@context\":\"https:\/\/schema.org\",\"@graph\":[{\"@type\":\"WebPage\",\"@id\":\"https:\/\/mecanicasolutions.com\/fr\/politique-de-mise-en-oeuvre\/\",\"url\":\"https:\/\/mecanicasolutions.com\/fr\/politique-de-mise-en-oeuvre\/\",\"name\":\"Politique de Mise en Oeuvre - Mecanica Solutions\",\"isPartOf\":{\"@id\":\"https:\/\/mecanicasolutions.com\/en\/#website\"},\"primaryImageOfPage\":{\"@id\":\"https:\/\/mecanicasolutions.com\/fr\/politique-de-mise-en-oeuvre\/#primaryimage\"},\"image\":{\"@id\":\"https:\/\/mecanicasolutions.com\/fr\/politique-de-mise-en-oeuvre\/#primaryimage\"},\"thumbnailUrl\":\"https:\/\/mecanicasolutions.com\/wp-content\/uploads\/2022\/03\/brooke-cagle-WHWYBmtn3_0-unsplash-scaled.jpg\",\"datePublished\":\"2024-01-10T14:18:10+00:00\",\"dateModified\":\"2024-01-10T14:44:16+00:00\",\"description\":\"Mecanica vous remercie de votre visite sur son site web. Nous esp\u00e9rons que cette d\u00e9claration sur la politique d'ex\u00e9cution r\u00e9pondra.\",\"breadcrumb\":{\"@id\":\"https:\/\/mecanicasolutions.com\/fr\/politique-de-mise-en-oeuvre\/#breadcrumb\"},\"inLanguage\":\"fr-FR\",\"potentialAction\":[{\"@type\":\"ReadAction\",\"target\":[\"https:\/\/mecanicasolutions.com\/fr\/politique-de-mise-en-oeuvre\/\"]}]},{\"@type\":\"ImageObject\",\"inLanguage\":\"fr-FR\",\"@id\":\"https:\/\/mecanicasolutions.com\/fr\/politique-de-mise-en-oeuvre\/#primaryimage\",\"url\":\"https:\/\/mecanicasolutions.com\/wp-content\/uploads\/2022\/03\/brooke-cagle-WHWYBmtn3_0-unsplash-scaled.jpg\",\"contentUrl\":\"https:\/\/mecanicasolutions.com\/wp-content\/uploads\/2022\/03\/brooke-cagle-WHWYBmtn3_0-unsplash-scaled.jpg\",\"width\":2560,\"height\":1707,\"caption\":\"brooke-cagle-WHWYBmtn3_0-unsplash\"},{\"@type\":\"BreadcrumbList\",\"@id\":\"https:\/\/mecanicasolutions.com\/fr\/politique-de-mise-en-oeuvre\/#breadcrumb\",\"itemListElement\":[{\"@type\":\"ListItem\",\"position\":1,\"name\":\"Home\",\"item\":\"https:\/\/mecanicasolutions.com\/fr\/home-2\/\"},{\"@type\":\"ListItem\",\"position\":2,\"name\":\"Politique de Mise en Oeuvre\"}]},{\"@type\":\"WebSite\",\"@id\":\"https:\/\/mecanicasolutions.com\/en\/#website\",\"url\":\"https:\/\/mecanicasolutions.com\/en\/\",\"name\":\"MECANICA SOLUTIONS | World Premier Supplier of Dassault\",\"description\":\"Mecanica Solutions has been providing engineering services to the aerospace, automotive and AEC industries since 1982\",\"publisher\":{\"@id\":\"https:\/\/mecanicasolutions.com\/en\/#organization\"},\"potentialAction\":[{\"@type\":\"SearchAction\",\"target\":{\"@type\":\"EntryPoint\",\"urlTemplate\":\"https:\/\/mecanicasolutions.com\/en\/?s={search_term_string}\"},\"query-input\":\"required name=search_term_string\"}],\"inLanguage\":\"fr-FR\"},{\"@type\":\"Organization\",\"@id\":\"https:\/\/mecanicasolutions.com\/en\/#organization\",\"name\":\"MECANICA SOLUTIONS\",\"url\":\"https:\/\/mecanicasolutions.com\/en\/\",\"logo\":{\"@type\":\"ImageObject\",\"inLanguage\":\"fr-FR\",\"@id\":\"https:\/\/mecanicasolutions.com\/en\/#\/schema\/logo\/image\/\",\"url\":\"https:\/\/mecanicasolutions.com\/wp-content\/uploads\/2021\/09\/logo_solidxperts.svg\",\"contentUrl\":\"https:\/\/mecanicasolutions.com\/wp-content\/uploads\/2021\/09\/logo_solidxperts.svg\",\"caption\":\"MECANICA SOLUTIONS\"},\"image\":{\"@id\":\"https:\/\/mecanicasolutions.com\/en\/#\/schema\/logo\/image\/\"}}]}<\/script>\n<!-- \/ Yoast SEO plugin. -->","yoast_head_json":{"title":"Politique de Mise en Oeuvre - Mecanica Solutions","description":"Mecanica vous remercie de votre visite sur son site web. Nous esp\u00e9rons que cette d\u00e9claration sur la politique d'ex\u00e9cution r\u00e9pondra.","robots":{"index":"index","follow":"follow","max-snippet":"max-snippet:-1","max-image-preview":"max-image-preview:large","max-video-preview":"max-video-preview:-1"},"canonical":"https:\/\/mecanicasolutions.com\/fr\/politique-de-mise-en-oeuvre\/","og_locale":"fr_FR","og_type":"article","og_title":"Politique de Mise en Oeuvre - Mecanica Solutions","og_description":"Mecanica vous remercie de votre visite sur son site web. Nous esp\u00e9rons que cette d\u00e9claration sur la politique d'ex\u00e9cution r\u00e9pondra.","og_url":"https:\/\/mecanicasolutions.com\/fr\/politique-de-mise-en-oeuvre\/","og_site_name":"MECANICA SOLUTIONS | World Premier Supplier of Dassault","article_modified_time":"2024-01-10T14:44:16+00:00","og_image":[{"width":2560,"height":1707,"url":"https:\/\/mecanicasolutions.com\/wp-content\/uploads\/2022\/03\/brooke-cagle-WHWYBmtn3_0-unsplash-scaled.jpg","type":"image\/jpeg"}],"twitter_card":"summary_large_image","twitter_misc":{"Dur\u00e9e de lecture estim\u00e9e":"3 minutes"},"schema":{"@context":"https:\/\/schema.org","@graph":[{"@type":"WebPage","@id":"https:\/\/mecanicasolutions.com\/fr\/politique-de-mise-en-oeuvre\/","url":"https:\/\/mecanicasolutions.com\/fr\/politique-de-mise-en-oeuvre\/","name":"Politique de Mise en Oeuvre - Mecanica Solutions","isPartOf":{"@id":"https:\/\/mecanicasolutions.com\/en\/#website"},"primaryImageOfPage":{"@id":"https:\/\/mecanicasolutions.com\/fr\/politique-de-mise-en-oeuvre\/#primaryimage"},"image":{"@id":"https:\/\/mecanicasolutions.com\/fr\/politique-de-mise-en-oeuvre\/#primaryimage"},"thumbnailUrl":"https:\/\/mecanicasolutions.com\/wp-content\/uploads\/2022\/03\/brooke-cagle-WHWYBmtn3_0-unsplash-scaled.jpg","datePublished":"2024-01-10T14:18:10+00:00","dateModified":"2024-01-10T14:44:16+00:00","description":"Mecanica vous remercie de votre visite sur son site web. Nous esp\u00e9rons que cette d\u00e9claration sur la politique d'ex\u00e9cution r\u00e9pondra.","breadcrumb":{"@id":"https:\/\/mecanicasolutions.com\/fr\/politique-de-mise-en-oeuvre\/#breadcrumb"},"inLanguage":"fr-FR","potentialAction":[{"@type":"ReadAction","target":["https:\/\/mecanicasolutions.com\/fr\/politique-de-mise-en-oeuvre\/"]}]},{"@type":"ImageObject","inLanguage":"fr-FR","@id":"https:\/\/mecanicasolutions.com\/fr\/politique-de-mise-en-oeuvre\/#primaryimage","url":"https:\/\/mecanicasolutions.com\/wp-content\/uploads\/2022\/03\/brooke-cagle-WHWYBmtn3_0-unsplash-scaled.jpg","contentUrl":"https:\/\/mecanicasolutions.com\/wp-content\/uploads\/2022\/03\/brooke-cagle-WHWYBmtn3_0-unsplash-scaled.jpg","width":2560,"height":1707,"caption":"brooke-cagle-WHWYBmtn3_0-unsplash"},{"@type":"BreadcrumbList","@id":"https:\/\/mecanicasolutions.com\/fr\/politique-de-mise-en-oeuvre\/#breadcrumb","itemListElement":[{"@type":"ListItem","position":1,"name":"Home","item":"https:\/\/mecanicasolutions.com\/fr\/home-2\/"},{"@type":"ListItem","position":2,"name":"Politique de Mise en Oeuvre"}]},{"@type":"WebSite","@id":"https:\/\/mecanicasolutions.com\/en\/#website","url":"https:\/\/mecanicasolutions.com\/en\/","name":"MECANICA SOLUTIONS | World Premier Supplier of Dassault","description":"Mecanica Solutions has been providing engineering services to the aerospace, automotive and AEC industries since 1982","publisher":{"@id":"https:\/\/mecanicasolutions.com\/en\/#organization"},"potentialAction":[{"@type":"SearchAction","target":{"@type":"EntryPoint","urlTemplate":"https:\/\/mecanicasolutions.com\/en\/?s={search_term_string}"},"query-input":"required name=search_term_string"}],"inLanguage":"fr-FR"},{"@type":"Organization","@id":"https:\/\/mecanicasolutions.com\/en\/#organization","name":"MECANICA SOLUTIONS","url":"https:\/\/mecanicasolutions.com\/en\/","logo":{"@type":"ImageObject","inLanguage":"fr-FR","@id":"https:\/\/mecanicasolutions.com\/en\/#\/schema\/logo\/image\/","url":"https:\/\/mecanicasolutions.com\/wp-content\/uploads\/2021\/09\/logo_solidxperts.svg","contentUrl":"https:\/\/mecanicasolutions.com\/wp-content\/uploads\/2021\/09\/logo_solidxperts.svg","caption":"MECANICA SOLUTIONS"},"image":{"@id":"https:\/\/mecanicasolutions.com\/en\/#\/schema\/logo\/image\/"}}]}},"_links":{"self":[{"href":"https:\/\/mecanicasolutions.com\/fr\/wp-json\/wp\/v2\/pages\/11178","targetHints":{"allow":["GET"]}}],"collection":[{"href":"https:\/\/mecanicasolutions.com\/fr\/wp-json\/wp\/v2\/pages"}],"about":[{"href":"https:\/\/mecanicasolutions.com\/fr\/wp-json\/wp\/v2\/types\/page"}],"author":[{"embeddable":true,"href":"https:\/\/mecanicasolutions.com\/fr\/wp-json\/wp\/v2\/users\/9"}],"replies":[{"embeddable":true,"href":"https:\/\/mecanicasolutions.com\/fr\/wp-json\/wp\/v2\/comments?post=11178"}],"version-history":[{"count":2,"href":"https:\/\/mecanicasolutions.com\/fr\/wp-json\/wp\/v2\/pages\/11178\/revisions"}],"predecessor-version":[{"id":11180,"href":"https:\/\/mecanicasolutions.com\/fr\/wp-json\/wp\/v2\/pages\/11178\/revisions\/11180"}],"wp:featuredmedia":[{"embeddable":true,"href":"https:\/\/mecanicasolutions.com\/fr\/wp-json\/wp\/v2\/media\/8302"}],"wp:attachment":[{"href":"https:\/\/mecanicasolutions.com\/fr\/wp-json\/wp\/v2\/media?parent=11178"}],"curies":[{"name":"wp","href":"https:\/\/api.w.org\/{rel}","templated":true}]}}